      {"id":4163,"date":"2017-07-26T13:09:22","date_gmt":"2017-07-26T13:09:22","guid":{"rendered":"https:\/\/www.life-lemna.eu\/?page_id=4163\/"},"modified":"2017-08-22T11:18:41","modified_gmt":"2017-08-22T11:18:41","slug":"contact","status":"publish","type":"page","link":"https:\/\/www.life-lemna.eu\/es\/contact\/","title":{"rendered":"Contact"},"content":{"rendered":"<div class=\"wpb-content-wrapper\"><p>[vc_row][vc_column][vc_column_text]<\/p>\n<h2><span style=\"color: #808080;\">Contacte con nosotros<\/span><\/h2>\n<h3><\/h3>\n<p>[\/vc_column_text]<div class=\"to-spacer \" style=\"height:33px\"><\/div>[\/vc_column][\/vc_row][vc_row txt_section_align=&#8221;txt-center&#8221;][vc_column][vc_row_inner][vc_column_inner width=&#8221;1\/4&#8243;][vc_single_image image=&#8221;4036&#8243; img_size=&#8221;large&#8221;][\/vc_column_inner][vc_column_inner width=&#8221;3\/4&#8243;][vc_column_text]<strong>ANDR\u00c9S PASCUAL, <span style=\"color: #99cc00;\">COORDINADOR DEL PROYECTO <\/span>| AINIA CENTRO TECNOL\u00d3GICO<\/strong> Soy Ingeniero Agr\u00f3nomo por la Universidad Polit\u00e9cnica de Valencia, especialidad en Procesamiento de Alimentos. Tengo 18 a\u00f1os de experiencia en I + D aplicada para los sectores de agroalimentaci\u00f3n, agua, bioenerg\u00eda y medio ambiente. Hoy en d\u00eda, soy el jefe de un equipo multidisciplinar de ingenieros y t\u00e9cnicos graduados en el <strong><span style=\"color: #99cc00;\"><a style=\"color: #99cc00;\" href=\"http:\/\/WWW.AINIA.ES\" target=\"_blank\" rel=\"noopener noreferrer\">centro tecnol\u00f3gico de ainia<\/a><\/span><\/strong>. Nuestras \u00e1reas de especializaci\u00f3n son: bioenerg\u00eda, biorefiner\u00edas y productos biol\u00f3gicos, dise\u00f1o higi\u00e9nico y EHEDG, limpieza y desinfecci\u00f3n, ozono, sistemas de gesti\u00f3n de seguridad alimentaria, trazabilidad y an\u00e1lisis de la cadena alimentaria, tecnolog\u00edas del agua, huella de carbono y agua, Recursos y ecoeficiencia, IPPC \/ IED y Mejores T\u00e9cnicas Disponibles (MTD).[\/vc_column_text][\/vc_column_inner][\/vc_row_inner][\/vc_column][\/vc_row][vc_row css=&#8221;.vc_custom_1486473712460{background-color: #99cc33 !important;}&#8221;][vc_column]<div class=\"to-spacer \" style=\"height:46px\"><\/div>[vc_row_inner][vc_column_inner width=&#8221;1\/3&#8243;][vc_column_text]<\/p>\n<h3><span style=\"color: #ffffff;\">Telephone:<\/span> <span style=\"color: #ffffff;\"><a href=\"tel:961366090\" title=\"\" onClick=\"ga('send', 'event', 'clicllamada', 'click', 'telefonofootersedecentral');\" style=\"color: #ffffff;\">Tel.+34 96 136 60 90<\/a> <\/span><\/h3>\n<p>[\/vc_column_text][\/vc_column_inner][vc_column_inner width=&#8221;1\/3&#8243;][vc_column_text]<\/p>\n<h3><span style=\"color: #ffffff;\">Email:<\/span> <span style=\"color: #ffffff;\">apascual@ainia.es<\/span><\/h3>\n<p>[\/vc_column_text][\/vc_column_inner][vc_column_inner width=&#8221;1\/3&#8243;][vc_column_text]<\/p>\n<h3><span style=\"color: #ffffff;\">Address:<\/span> <span style=\"color: #ffffff;\">Benjamin Franklin 5-11. 46980 Paterna, Valencia (Spain)<\/span><\/h3>\n<p>[\/vc_column_text][\/vc_column_inner][\/vc_row_inner]<div class=\"to-spacer \" style=\"height:46px\"><\/div>[\/vc_column][\/vc_row]<\/p>\n<\/div>","protected":false},"excerpt":{"rendered":"<p>[vc_row][vc_column][vc_column_text] Contacte con nosotros [\/vc_column_text][\/vc_column][\/vc_row][vc_row txt_section_align=&#8221;txt-center&#8221;][vc_column][vc_row_inner][vc_column_inner width=&#8221;1\/4&#8243;][vc_single_image image=&#8221;4036&#8243; img_size=&#8221;large&#8221;][\/vc_column_inner][vc_column_inner width=&#8221;3\/4&#8243;][vc_column_text]ANDR\u00c9S PASCUAL, COORDINADOR DEL PROYECTO | AINIA CENTRO TECNOL\u00d3GICO Soy Ingeniero Agr\u00f3nomo por la Universidad Polit\u00e9cnica de Valencia, especialidad en Procesamiento de Alimentos. Tengo 18 a\u00f1os de experiencia en I + D aplicada para los sectores de agroalimentaci\u00f3n, agua, bioenerg\u00eda y medio ambiente. Hoy en d\u00eda, soy el jefe de un equipo multidisciplinar de ingenieros y t\u00e9cnicos graduados en el centro tecnol\u00f3gico de ainia. Nuestras \u00e1reas de especializaci\u00f3n son: bioenerg\u00eda, biorefiner\u00edas y productos biol\u00f3gicos, dise\u00f1o higi\u00e9nico y EHEDG, limpieza y desinfecci\u00f3n, ozono, sistemas de gesti\u00f3n de seguridad alimentaria, trazabilidad y an\u00e1lisis de la cadena alimentaria, tecnolog\u00edas del agua, huella de carbono y agua, Recursos y ecoeficiencia, IPPC \/ IED y Mejores T\u00e9cnicas Disponibles (MTD).[\/vc_column_text][\/vc_column_inner][\/vc_row_inner][\/vc_column][\/vc_row][vc_row css=&#8221;.vc_custom_1486473712460{background-color: #99cc33 !important;}&#8221;][vc_column][vc_row_inner][vc_column_inner width=&#8221;1\/3&#8243;][vc_column_text] Telephone: Tel.+34 96 136 60 90 [\/vc_column_text][\/vc_column_inner][vc_column_inner width=&#8221;1\/3&#8243;][vc_column_text] Email: apascual@ainia.es [\/vc_column_text][\/vc_column_inner][vc_column_inner width=&#8221;1\/3&#8243;][vc_column_text] Address: Benjamin Franklin 5-11. 46980 Paterna, Valencia (Spain) [\/vc_column_text][\/vc_column_inner][\/vc_row_inner][\/vc_column][\/vc_row]<\/p>\n","protected":false},"author":5,"featured_media":0,"parent":0,"menu_order":0,"comment_status":"closed","ping_status":"closed","template":"","meta":{"footnotes":""},"class_list":["post-4163","page","type-page","status-publish","hentry"],"_links":{"self":[{"href":"https:\/\/www.life-lemna.eu\/es\/wp-json\/wp\/v2\/pages\/4163"}],"collection":[{"href":"https:\/\/www.life-lemna.eu\/es\/wp-json\/wp\/v2\/pages"}],"about":[{"href":"https:\/\/www.life-lemna.eu\/es\/wp-json\/wp\/v2\/types\/page"}],"author":[{"embeddable":true,"href":"https:\/\/www.life-lemna.eu\/es\/wp-json\/wp\/v2\/users\/5"}],"replies":[{"embeddable":true,"href":"https:\/\/www.life-lemna.eu\/es\/wp-json\/wp\/v2\/comments?post=4163"}],"version-history":[{"count":3,"href":"https:\/\/www.life-lemna.eu\/es\/wp-json\/wp\/v2\/pages\/4163\/revisions"}],"predecessor-version":[{"id":4245,"href":"https:\/\/www.life-lemna.eu\/es\/wp-json\/wp\/v2\/pages\/4163\/revisions\/4245"}],"wp:attachment":[{"href":"https:\/\/www.life-lemna.eu\/es\/wp-json\/wp\/v2\/media?parent=4163"}],"curies":[{"name":"wp","href":"https:\/\/api.w.org\/{rel}","templated":true}]}}