      {"id":3906,"date":"2017-03-07T15:50:36","date_gmt":"2017-03-07T15:50:36","guid":{"rendered":"https:\/\/www.life-lemna.eu?page_id=3906"},"modified":"2017-08-22T11:04:48","modified_gmt":"2017-08-22T11:04:48","slug":"contacto","status":"publish","type":"page","link":"https:\/\/www.life-lemna.eu\/es\/contacto\/","title":{"rendered":"Contact"},"content":{"rendered":"<div class=\"wpb-content-wrapper\"><p>[vc_row][vc_column][vc_column_text]<\/p>\n<h2><span style=\"color: #ff6600;\"><strong><br \/>\n<\/strong><\/span><span style=\"color: #808080;\">Contact us<\/span><span style=\"color: #ff6600;\"><strong><br \/>\n<\/strong><\/span><\/h2>\n<h3><\/h3>\n<p>[\/vc_column_text]<div class=\"to-spacer \" style=\"height:33px\"><\/div>[\/vc_column][\/vc_row][vc_row txt_section_align=&#8221;txt-center&#8221;][vc_column][vc_row_inner][vc_column_inner width=&#8221;1\/4&#8243;][vc_single_image image=&#8221;4036&#8243; img_size=&#8221;large&#8221;][\/vc_column_inner][vc_column_inner width=&#8221;3\/4&#8243;][vc_column_text]<strong>ANDR\u00c9S PASCUAL, <span style=\"color: #99cc00;\">PROJECT COORDINATOR <\/span>| AINIA CENTRO TECNOL\u00d3GICO<\/strong><\/p>\n<p>I am an Agriculture Engineering by the Universidad Polit\u00e9cnica de Valencia (Spain), speciality in Food Processing. I am 18 years experienced in applied R&amp;D for the AgroFood, Water, Bioenergy and Environment sectors. Nowadays, I am the head in a multidisciplinar team of engineers and technical graduates at <span style=\"color: #99cc00;\"><a style=\"color: #99cc00;\" href=\"http:\/\/www.ainia.es\" target=\"_blank\" rel=\"noopener noreferrer\">ainia technology center<\/a><\/span>. Our areas of specialization are: bioenergy (biogas, biomethane, microalgae), biorefineries and biobased products, hygienic design &amp; EHEDG, cleaning and disinfection, ozone, food safety management systems, traceability and food chain analysis, water technologies, carbon and water footprint, resource and eco-efficiency, IPPC\/IED and Best Available Techniques (BATs).[\/vc_column_text][\/vc_column_inner][\/vc_row_inner][\/vc_column][\/vc_row][vc_row css=&#8221;.vc_custom_1486473712460{background-color: #99cc33 !important;}&#8221;][vc_column]<div class=\"to-spacer \" style=\"height:46px\"><\/div>[vc_row_inner][vc_column_inner width=&#8221;1\/3&#8243;][vc_column_text]<\/p>\n<h3><span style=\"color: #ffffff;\">Telephone:<\/span><br \/>\n<span style=\"color: #ffffff;\"><a href=\"tel:961366090\" title=\"\" onClick=\"ga('send', 'event', 'clicllamada', 'click', 'telefonofootersedecentral');\" style=\"color: #ffffff;\">Tel. +34 96 136 60 90<\/a> <\/span><\/h3>\n<p>[\/vc_column_text][\/vc_column_inner][vc_column_inner width=&#8221;1\/3&#8243;][vc_column_text]<\/p>\n<h3><span style=\"color: #ffffff;\">Email:<\/span><br \/>\n<span style=\"color: #ffffff;\">apascual@ainia.es<\/span><\/h3>\n<p>[\/vc_column_text][\/vc_column_inner][vc_column_inner width=&#8221;1\/3&#8243;][vc_column_text]<\/p>\n<h3><span style=\"color: #ffffff;\">Address:<\/span><br \/>\n<span style=\"color: #ffffff;\">Benjamin Franklin 5-11. 46980 Paterna, Valencia (Spain)<\/span><\/h3>\n<p>[\/vc_column_text][\/vc_column_inner][\/vc_row_inner]<div class=\"to-spacer \" style=\"height:46px\"><\/div>[\/vc_column][\/vc_row]<\/p>\n<\/div>","protected":false},"excerpt":{"rendered":"<p>[vc_row][vc_column][vc_column_text] Contact us [\/vc_column_text][\/vc_column][\/vc_row][vc_row txt_section_align=&#8221;txt-center&#8221;][vc_column][vc_row_inner][vc_column_inner width=&#8221;1\/4&#8243;][vc_single_image image=&#8221;4036&#8243; img_size=&#8221;large&#8221;][\/vc_column_inner][vc_column_inner width=&#8221;3\/4&#8243;][vc_column_text]ANDR\u00c9S PASCUAL, PROJECT COORDINATOR | AINIA CENTRO TECNOL\u00d3GICO I am an Agriculture Engineering by the Universidad Polit\u00e9cnica de Valencia (Spain), speciality in Food Processing. I am 18 years experienced in applied R&amp;D for the AgroFood, Water, Bioenergy and Environment sectors. Nowadays, I am the head in a multidisciplinar team of engineers and technical graduates at ainia technology center. Our areas of specialization are: bioenergy (biogas, biomethane, microalgae), biorefineries and biobased products, hygienic design &amp; EHEDG, cleaning and disinfection, ozone, food safety management systems, traceability and food chain analysis, water technologies, carbon and water footprint, resource and eco-efficiency, IPPC\/IED and Best Available Techniques (BATs).[\/vc_column_text][\/vc_column_inner][\/vc_row_inner][\/vc_column][\/vc_row][vc_row css=&#8221;.vc_custom_1486473712460{background-color: #99cc33 !important;}&#8221;][vc_column][vc_row_inner][vc_column_inner width=&#8221;1\/3&#8243;][vc_column_text] Telephone: Tel. +34 96 136 60 90 [\/vc_column_text][\/vc_column_inner][vc_column_inner width=&#8221;1\/3&#8243;][vc_column_text] Email: apascual@ainia.es [\/vc_column_text][\/vc_column_inner][vc_column_inner width=&#8221;1\/3&#8243;][vc_column_text] Address: Benjamin Franklin 5-11. 46980 Paterna, Valencia (Spain) [\/vc_column_text][\/vc_column_inner][\/vc_row_inner][\/vc_column][\/vc_row]<\/p>\n","protected":false},"author":4,"featured_media":0,"parent":0,"menu_order":0,"comment_status":"closed","ping_status":"closed","template":"","meta":{"footnotes":""},"class_list":["post-3906","page","type-page","status-publish","hentry"],"_links":{"self":[{"href":"https:\/\/www.life-lemna.eu\/es\/wp-json\/wp\/v2\/pages\/3906"}],"collection":[{"href":"https:\/\/www.life-lemna.eu\/es\/wp-json\/wp\/v2\/pages"}],"about":[{"href":"https:\/\/www.life-lemna.eu\/es\/wp-json\/wp\/v2\/types\/page"}],"author":[{"embeddable":true,"href":"https:\/\/www.life-lemna.eu\/es\/wp-json\/wp\/v2\/users\/4"}],"replies":[{"embeddable":true,"href":"https:\/\/www.life-lemna.eu\/es\/wp-json\/wp\/v2\/comments?post=3906"}],"version-history":[{"count":11,"href":"https:\/\/www.life-lemna.eu\/es\/wp-json\/wp\/v2\/pages\/3906\/revisions"}],"predecessor-version":[{"id":4243,"href":"https:\/\/www.life-lemna.eu\/es\/wp-json\/wp\/v2\/pages\/3906\/revisions\/4243"}],"wp:attachment":[{"href":"https:\/\/www.life-lemna.eu\/es\/wp-json\/wp\/v2\/media?parent=3906"}],"curies":[{"name":"wp","href":"https:\/\/api.w.org\/{rel}","templated":true}]}}